{"id":2,"date":"2015-07-09T10:42:41","date_gmt":"2015-07-09T10:42:41","guid":{"rendered":"http:\/\/lesgitesdesgrandeshaies.fr\/wordPress\/?page_id=2"},"modified":"2026-04-01T21:48:50","modified_gmt":"2026-04-01T21:48:50","slug":"page-d-exemple","status":"publish","type":"page","link":"https:\/\/lesgitesdesgrandeshaies.fr\/wordPress\/?page_id=2","title":{"rendered":"Tarifs et Informations"},"content":{"rendered":"<p style=\"text-align: center;\">Notre domaine\u00a0propose l&rsquo;h\u00e9bergement jusqu&rsquo;\u00e0 64 personnes dans 9 gites authentiques<\/p>\n<h5><span style=\"text-decoration: underline;\"><strong>Tarifs 2026\u00a0 :<\/strong><\/span><\/h5>\n<ul>\n<li>Salle de l&rsquo;\u00e9tang 550\u20ac (avec cuisine professionnelle) \/ we<\/li>\n<li>Salle du B\u00fbcher 350\u20ac avec cuisine familiale \/ we<\/li>\n<li>30\u20ac \/ nuit \/ personne<\/li>\n<li>20\u20ac \/ nuit \/ jeune &lt; 10 ans<\/li>\n<li>Forfait\u00a0 Mariage 3.800 \u20ac : ensemble du domaine du jeudi soir 17h au dimanche apr\u00e8s-midi 17h<\/li>\n<li>Taxe de s\u00e9jour : 5% du montant des nuits\u00a0 adultes (y compris pour le forfait mariage)<\/li>\n<li>64 couchages au total<\/li>\n<li>Option Sono &#8211; 75\u20ac<\/li>\n<\/ul>\n<p>Remarque : la salle ne peut \u00eatre lou\u00e9e qu&rsquo;avec un minimum de <span style=\"text-decoration: underline;\"><strong>30 nuit\u00e9es (1400\u20ac)<\/strong><\/span><\/p>\n<hr \/>\n<h5><span style=\"text-decoration: underline;\"><strong>Documents utiles :<\/strong><\/span><\/h5>\n<p>Description du domaine : \u00a0<a href=\"https:\/\/lesgitesdesgrandeshaies.fr\/wordPress\/wp-content\/uploads\/2026\/04\/Presentation-Domaine-des-Haies-04_2026.pdf\" target=\"_blank\" rel=\"noopener\">Pr\u00e9sentation Domaine des Haies\u00a0<\/a><\/p>\n<p>Fichier de r\u00e9partition des convives et devis : <a href=\"https:\/\/lesgitesdesgrandeshaies.fr\/wordPress\/wp-content\/uploads\/2026\/04\/Descriptif-gites_Clients-2026.xlsx\" target=\"_blank\" rel=\"noopener noreferrer\" data-wplink-edit=\"true\">R\u00e9partition des invit\u00e9s<\/a><\/p>\n<p>Fichier Contacts : <a href=\"https:\/\/lesgitesdesgrandeshaies.fr\/wordPress\/wp-content\/uploads\/2022\/01\/contacts_Sept_2022.pdf\">Contacts<\/a><\/p>\n<p><a href=\"https:\/\/lesgitesdesgrandeshaies.fr\/wordPress\/wp-content\/uploads\/2022\/09\/20170629_105401.mp4\" target=\"_blank\" rel=\"noopener\">Vid\u00e9o de la salle<\/a><\/p>\n<p><a href=\"https:\/\/lesgitesdesgrandeshaies.fr\/wordPress\/wp-content\/uploads\/2019\/07\/VID-20190602-WA0021.mp4\" target=\"_blank\" rel=\"noopener\">Vid\u00e9o du domaine<\/a><\/p>\n<p><a href=\"https:\/\/lesgitesdesgrandeshaies.fr\/wordPress\/wp-content\/uploads\/2022\/01\/VID-20210926-WA0026.mp4\" target=\"_blank\" rel=\"noopener\">Vid\u00e9o du domaine (2)<\/a><\/p>\n<p><a href=\"https:\/\/lesgitesdesgrandeshaies.fr\/wordPress\/wp-content\/uploads\/2022\/01\/Fiche-Technique-Sono.pdf\" target=\"_blank\" rel=\"noopener\">Descriptif Sono\u00a0<\/a><\/p>\n<hr \/>\n<h5><span style=\"text-decoration: underline;\"><strong>Pour r\u00e9server :<\/strong><\/span><\/h5>\n<p><a href=\"https:\/\/lesgitesdesgrandeshaies.fr\/wordPress\/?page_id=273\">Formulaire de contact<\/a><\/p>\n<hr \/>\n<h5><span style=\"text-decoration: underline;\"><strong>Acc\u00e8s :<\/strong><\/span><\/h5>\n<p>Le domaine est situ\u00e9 \u00e0 10 km de Verneuil-sur-Avre, entre St-Victor sur Avre et Boissy-l\u00e8s-Perches (28340).<\/p>\n<p>\u00c0 2km de Boissy-l\u00e8s-Perches et \u00e0 1,3 Km de Saint-Victor-sur-Avre<\/p>\n<p><iframe loading=\"lazy\" style=\"border: 0px currentColor;\" src=\"https:\/\/www.google.com\/maps\/embed?pb=!1m18!1m12!1m3!1d12526.731875756577!2d0.8786510509191063!3d48.69743401320259!2m3!1f0!2f0!3f0!3m2!1i1024!2i768!4f13.1!3m3!1m2!1s0x47e3d8165c6b8497%3A0x39811ae8337c421b!2sL.G.H.+Les+Grandes+Haies!5e0!3m2!1sfr!2sfr!4v1439212210768\" width=\"600\" height=\"450\" frameborder=\"0\" allowfullscreen=\"allowfullscreen\"><\/iframe><\/p>\n","protected":false},"excerpt":{"rendered":"<p>Notre domaine\u00a0propose l&rsquo;h\u00e9bergement jusqu&rsquo;\u00e0 64 personnes dans 9 gites authentiques Tarifs 2026\u00a0 : Salle de l&rsquo;\u00e9tang 550\u20ac (avec cuisine professionnelle) \/ we Salle du B\u00fbcher 350\u20ac avec cuisine familiale \/ we 30\u20ac \/ nuit \/ personne 20\u20ac \/ nuit \/ jeune &lt; 10 ans Forfait\u00a0 Mariage 3.800 \u20ac : ensemble du domaine du jeudi soir &hellip; <a href=\"https:\/\/lesgitesdesgrandeshaies.fr\/wordPress\/?page_id=2\" class=\"more-link\">Continuer la lecture de <span class=\"screen-reader-text\">Tarifs et Informations<\/span>  <span class=\"meta-nav\">&rarr;<\/span><\/a><\/p>\n","protected":false},"author":1,"featured_media":0,"parent":0,"menu_order":3,"comment_status":"closed","ping_status":"open","template":"page-templates\/full-width.php","meta":{"footnotes":""},"class_list":["post-2","page","type-page","status-publish","hentry"],"_links":{"self":[{"href":"https:\/\/lesgitesdesgrandeshaies.fr\/wordPress\/index.php?rest_route=\/wp\/v2\/pages\/2","targetHints":{"allow":["GET"]}}],"collection":[{"href":"https:\/\/lesgitesdesgrandeshaies.fr\/wordPress\/index.php?rest_route=\/wp\/v2\/pages"}],"about":[{"href":"https:\/\/lesgitesdesgrandeshaies.fr\/wordPress\/index.php?rest_route=\/wp\/v2\/types\/page"}],"author":[{"embeddable":true,"href":"https:\/\/lesgitesdesgrandeshaies.fr\/wordPress\/index.php?rest_route=\/wp\/v2\/users\/1"}],"replies":[{"embeddable":true,"href":"https:\/\/lesgitesdesgrandeshaies.fr\/wordPress\/index.php?rest_route=%2Fwp%2Fv2%2Fcomments&post=2"}],"version-history":[{"count":69,"href":"https:\/\/lesgitesdesgrandeshaies.fr\/wordPress\/index.php?rest_route=\/wp\/v2\/pages\/2\/revisions"}],"predecessor-version":[{"id":335,"href":"https:\/\/lesgitesdesgrandeshaies.fr\/wordPress\/index.php?rest_route=\/wp\/v2\/pages\/2\/revisions\/335"}],"wp:attachment":[{"href":"https:\/\/lesgitesdesgrandeshaies.fr\/wordPress\/index.php?rest_route=%2Fwp%2Fv2%2Fmedia&parent=2"}],"curies":[{"name":"wp","href":"https:\/\/api.w.org\/{rel}","templated":true}]}}